{"id":217,"date":"2020-12-04T10:24:59","date_gmt":"2020-12-04T15:24:59","guid":{"rendered":"https:\/\/smho-test.boreal321.com\/fwsecondary\/?page_id=217"},"modified":"2021-03-03T11:32:13","modified_gmt":"2021-03-03T16:32:13","slug":"saffirmer","status":"publish","type":"page","link":"https:\/\/smho-test.boreal321.com\/fwsecondary\/conscience-de-soi-et-sentiment-didentite-personnelle\/saffirmer\/","title":{"rendered":"S\u2019affirmer"},"content":{"rendered":"","protected":false},"excerpt":{"rendered":"<p>Lorsque les \u00e9l\u00e8ves peuvent se d\u00e9fendre, tout en respectant les opinions des autres, ils acqui\u00e8rent de la confiance en soi et gagnent le respect des autres. Cette comp\u00e9tence peut aider \u00e0 \u00e9tablir des relations, \u00e0 g\u00e9rer des conflits et \u00e0 r\u00e9duire le stress.<\/p>\n","protected":false},"author":2,"featured_media":859,"parent":93,"menu_order":0,"comment_status":"closed","ping_status":"closed","template":"child-template.php","meta":{"_acf_changed":false,"footnotes":""},"categories":[],"tags":[],"class_list":["post-217","page","type-page","status-publish","has-post-thumbnail","hentry"],"acf":[],"_links":{"self":[{"href":"https:\/\/smho-test.boreal321.com\/fwsecondary\/wp-json\/wp\/v2\/pages\/217","targetHints":{"allow":["GET"]}}],"collection":[{"href":"https:\/\/smho-test.boreal321.com\/fwsecondary\/wp-json\/wp\/v2\/pages"}],"about":[{"href":"https:\/\/smho-test.boreal321.com\/fwsecondary\/wp-json\/wp\/v2\/types\/page"}],"author":[{"embeddable":true,"href":"https:\/\/smho-test.boreal321.com\/fwsecondary\/wp-json\/wp\/v2\/users\/2"}],"replies":[{"embeddable":true,"href":"https:\/\/smho-test.boreal321.com\/fwsecondary\/wp-json\/wp\/v2\/comments?post=217"}],"version-history":[{"count":1,"href":"https:\/\/smho-test.boreal321.com\/fwsecondary\/wp-json\/wp\/v2\/pages\/217\/revisions"}],"predecessor-version":[{"id":218,"href":"https:\/\/smho-test.boreal321.com\/fwsecondary\/wp-json\/wp\/v2\/pages\/217\/revisions\/218"}],"up":[{"embeddable":true,"href":"https:\/\/smho-test.boreal321.com\/fwsecondary\/wp-json\/wp\/v2\/pages\/93"}],"wp:featuredmedia":[{"embeddable":true,"href":"https:\/\/smho-test.boreal321.com\/fwsecondary\/wp-json\/wp\/v2\/media\/859"}],"wp:attachment":[{"href":"https:\/\/smho-test.boreal321.com\/fwsecondary\/wp-json\/wp\/v2\/media?parent=217"}],"wp:term":[{"taxonomy":"category","embeddable":true,"href":"https:\/\/smho-test.boreal321.com\/fwsecondary\/wp-json\/wp\/v2\/categories?post=217"},{"taxonomy":"post_tag","embeddable":true,"href":"https:\/\/smho-test.boreal321.com\/fwsecondary\/wp-json\/wp\/v2\/tags?post=217"}],"curies":[{"name":"wp","href":"https:\/\/api.w.org\/{rel}","templated":true}]}}