{"id":193,"date":"2020-12-04T10:03:02","date_gmt":"2020-12-04T15:03:02","guid":{"rendered":"https:\/\/smho-test.boreal321.com\/fwsecondary\/?page_id=193"},"modified":"2021-12-22T10:29:28","modified_gmt":"2021-12-22T15:29:28","slug":"les-gestes-de-gentillesse","status":"publish","type":"page","link":"https:\/\/smho-test.boreal321.com\/fwsecondary\/relations-saines\/les-gestes-de-gentillesse\/","title":{"rendered":"Les gestes de gentillesse"},"content":{"rendered":"","protected":false},"excerpt":{"rendered":"<p>Les gestes de gentillesse aident les \u00e9l\u00e8ves \u00e0 discuter avec leurs camarades de fa\u00e7on plus compatissante et \u00e0 appr\u00e9cier la valeur de s\u2019entraider. En faisant de petits gestes de gentillesse, les \u00e9l\u00e8ves tissent ainsi des relations plus positives.<\/p>\n","protected":false},"author":2,"featured_media":855,"parent":89,"menu_order":0,"comment_status":"closed","ping_status":"closed","template":"child-template.php","meta":{"_acf_changed":false,"footnotes":""},"categories":[],"tags":[],"class_list":["post-193","page","type-page","status-publish","has-post-thumbnail","hentry"],"acf":[],"_links":{"self":[{"href":"https:\/\/smho-test.boreal321.com\/fwsecondary\/wp-json\/wp\/v2\/pages\/193","targetHints":{"allow":["GET"]}}],"collection":[{"href":"https:\/\/smho-test.boreal321.com\/fwsecondary\/wp-json\/wp\/v2\/pages"}],"about":[{"href":"https:\/\/smho-test.boreal321.com\/fwsecondary\/wp-json\/wp\/v2\/types\/page"}],"author":[{"embeddable":true,"href":"https:\/\/smho-test.boreal321.com\/fwsecondary\/wp-json\/wp\/v2\/users\/2"}],"replies":[{"embeddable":true,"href":"https:\/\/smho-test.boreal321.com\/fwsecondary\/wp-json\/wp\/v2\/comments?post=193"}],"version-history":[{"count":1,"href":"https:\/\/smho-test.boreal321.com\/fwsecondary\/wp-json\/wp\/v2\/pages\/193\/revisions"}],"predecessor-version":[{"id":194,"href":"https:\/\/smho-test.boreal321.com\/fwsecondary\/wp-json\/wp\/v2\/pages\/193\/revisions\/194"}],"up":[{"embeddable":true,"href":"https:\/\/smho-test.boreal321.com\/fwsecondary\/wp-json\/wp\/v2\/pages\/89"}],"wp:featuredmedia":[{"embeddable":true,"href":"https:\/\/smho-test.boreal321.com\/fwsecondary\/wp-json\/wp\/v2\/media\/855"}],"wp:attachment":[{"href":"https:\/\/smho-test.boreal321.com\/fwsecondary\/wp-json\/wp\/v2\/media?parent=193"}],"wp:term":[{"taxonomy":"category","embeddable":true,"href":"https:\/\/smho-test.boreal321.com\/fwsecondary\/wp-json\/wp\/v2\/categories?post=193"},{"taxonomy":"post_tag","embeddable":true,"href":"https:\/\/smho-test.boreal321.com\/fwsecondary\/wp-json\/wp\/v2\/tags?post=193"}],"curies":[{"name":"wp","href":"https:\/\/api.w.org\/{rel}","templated":true}]}}