{"id":323,"date":"2020-07-01T16:09:06","date_gmt":"2020-07-01T20:09:06","guid":{"rendered":"https:\/\/smho-test.boreal321.com\/fw\/?page_id=323"},"modified":"2021-02-19T09:46:18","modified_gmt":"2021-02-19T14:46:18","slug":"compter-pour-les-autres","status":"publish","type":"page","link":"https:\/\/smho-test.boreal321.com\/fw\/conscience-de-soi-et-sentiment-didentite-personnelle\/compter-pour-les-autres\/","title":{"rendered":"Compter pour les autres"},"content":{"rendered":"","protected":false},"excerpt":{"rendered":"<p>Les pratiques qui renforcent le sentiment de compter peuvent am\u00e9liorer la confiance en soi des \u00e9l\u00e8ves, leur estime de soi et leur perception de pouvoir avoir une influence positive sur les autres et sur le monde qui les entoure.<\/p>\n","protected":false},"author":2,"featured_media":2052,"parent":186,"menu_order":0,"comment_status":"closed","ping_status":"closed","template":"child-template.php","meta":{"_acf_changed":false,"footnotes":""},"categories":[],"tags":[],"class_list":["post-323","page","type-page","status-publish","has-post-thumbnail","hentry"],"acf":[],"_links":{"self":[{"href":"https:\/\/smho-test.boreal321.com\/fw\/wp-json\/wp\/v2\/pages\/323","targetHints":{"allow":["GET"]}}],"collection":[{"href":"https:\/\/smho-test.boreal321.com\/fw\/wp-json\/wp\/v2\/pages"}],"about":[{"href":"https:\/\/smho-test.boreal321.com\/fw\/wp-json\/wp\/v2\/types\/page"}],"author":[{"embeddable":true,"href":"https:\/\/smho-test.boreal321.com\/fw\/wp-json\/wp\/v2\/users\/2"}],"replies":[{"embeddable":true,"href":"https:\/\/smho-test.boreal321.com\/fw\/wp-json\/wp\/v2\/comments?post=323"}],"version-history":[{"count":2,"href":"https:\/\/smho-test.boreal321.com\/fw\/wp-json\/wp\/v2\/pages\/323\/revisions"}],"predecessor-version":[{"id":2611,"href":"https:\/\/smho-test.boreal321.com\/fw\/wp-json\/wp\/v2\/pages\/323\/revisions\/2611"}],"up":[{"embeddable":true,"href":"https:\/\/smho-test.boreal321.com\/fw\/wp-json\/wp\/v2\/pages\/186"}],"wp:featuredmedia":[{"embeddable":true,"href":"https:\/\/smho-test.boreal321.com\/fw\/wp-json\/wp\/v2\/media\/2052"}],"wp:attachment":[{"href":"https:\/\/smho-test.boreal321.com\/fw\/wp-json\/wp\/v2\/media?parent=323"}],"wp:term":[{"taxonomy":"category","embeddable":true,"href":"https:\/\/smho-test.boreal321.com\/fw\/wp-json\/wp\/v2\/categories?post=323"},{"taxonomy":"post_tag","embeddable":true,"href":"https:\/\/smho-test.boreal321.com\/fw\/wp-json\/wp\/v2\/tags?post=323"}],"curies":[{"name":"wp","href":"https:\/\/api.w.org\/{rel}","templated":true}]}}