{"id":449,"date":"2021-02-03T19:30:30","date_gmt":"2021-02-04T00:30:30","guid":{"rendered":"https:\/\/smho-test.boreal321.com\/emhcsecondary\/?page_id=449"},"modified":"2022-02-09T08:58:00","modified_gmt":"2022-02-09T13:58:00","slug":"resous-ce-probleme","status":"publish","type":"page","link":"https:\/\/smho-test.boreal321.com\/emhcsecondary\/pensee-critique-et-creative-fonctions-executives\/la-resolution-de-problemes\/resous-ce-probleme\/","title":{"rendered":"R\u00e9sous ce probl\u00e8me"},"content":{"rendered":"\n<div class='accordion md-accordion' id='accordion0' role='tablist' aria-multiselectable='true'><div class='card'><div class='card-header' role='tab' id='Instructions-0'><a data-toggle='collapse' data-parent='#accordion0' href='#collapseOneInstructions-0' aria-expanded='true' aria-controls='collapseOneInstructions-0'><h3 class='mb-0'><em class='fas fa-angle-down rotate-icon'><\/em> Instructions<\/h3><\/a><\/div><div id='collapseOneInstructions-0' class='collapse show' role='tabpanel' aria-labelledby='collapseOneInstructions-0' data-parent='#accordion0'><div class='card-body'><ul>\n<li>Pendant chaque cours, cherchez des occasions de cerner les probl\u00e8mes et de mettre en \u00e9vidence la fa\u00e7on dont les \u00e9l\u00e8ves peuvent trouver une solution (encadrement requis)\u00a0:\n<ul>\n<li>Nommez le probl\u00e8me pour la classe.<\/li>\n<li>Demandez aux \u00e9l\u00e8ves de travailler en groupes et de trouver des solutions au probl\u00e8me.<\/li>\n<li>Lorsque des options de solution sont \u00e9mises et que l\u2019une d\u2019elles est s\u00e9lectionn\u00e9e, dites\u00a0: \u00ab\u00a0Voyez-vous comment ils ont fait&#8230;?\u00a0\u00bb en expliquant ce qu\u2019ils ont fait pour r\u00e9soudre le probl\u00e8me.<\/li>\n<\/ul>\n<\/li>\n<li>Recherchez des occasions de partager des probl\u00e8mes et utilisez le processus de mani\u00e8re \u00e0 ce que les \u00e9l\u00e8ves trouvent des solutions.<\/li>\n<li>Utilisez un moyen visuel pour noter les strat\u00e9gies utilis\u00e9es par les \u00e9l\u00e8ves et pour vous y r\u00e9f\u00e9rer la prochaine fois.<\/li>\n<\/ul>\n<\/div><\/div><\/div><div class='card'><div class='card-header' role='tab' id='Adaptations-0'><a data-toggle='collapse' data-parent='#accordion0' href='#collapseOneAdaptations-0' aria-expanded='false' aria-controls='collapseOneAdaptations-0'><h3 class='mb-0'><em class='fas fa-angle-down rotate-icon'><\/em> Adaptations<\/h3><\/a><\/div><div id='collapseOneAdaptations-0' class='collapse' role='tabpanel' aria-labelledby='collapseOneAdaptations-0' data-parent='#accordion0'><div class='card-body'><p>Ajoutez une activit\u00e9 de r\u00e9flexion en demandant aux \u00e9l\u00e8ves de r\u00e9fl\u00e9chir \u00e0 un moment de la semaine (ou du jour) o\u00f9 il y a eu une diff\u00e9rence d\u2019opinion ou un conflit et comment ils ont utilis\u00e9 la pratique de \u00ab R\u00e9solution de probl\u00e8mes \u00bb.<\/p>\n<\/div><\/div><\/div><div class='card'><div class='card-header' role='tab' id='Donnes-probantes-0'><a data-toggle='collapse' data-parent='#accordion0' href='#collapseOneDonnes-probantes-0' aria-expanded='false' aria-controls='collapseOneDonnes-probantes-0'><h3 class='mb-0'><em class='fas fa-angle-down rotate-icon'><\/em> Donn\u00e9es probantes<\/h3><\/a><\/div><div id='collapseOneDonnes-probantes-0' class='collapse' role='tabpanel' aria-labelledby='collapseOneDonnes-probantes-0' data-parent='#accordion0'><div class='card-body'><p>La r\u00e9solution de probl\u00e8mes est une habilet\u00e9 quotidienne qui a une incidence sur l\u2019ensemble de la r\u00e9ussite scolaire et personnelle d\u2019un \u00e9l\u00e8ve (Diamond et Lee, 2011). Les \u00e9l\u00e8ves qui ont de solides habilet\u00e9s en r\u00e9solution de probl\u00e8mes sont plus en mesure d\u2019aborder les probl\u00e8mes de fa\u00e7on positive (Diamond et Lee, 2011). Id\u00e9alement, les \u00e9l\u00e8ves acqui\u00e8rent une base de comp\u00e9tences pour la r\u00e9solution de probl\u00e8mes sociaux qui leur permettent de g\u00e9rer des choix et des interactions sociales complexes au moyen de la prise de d\u00e9cisions comp\u00e9tentes obtenue par la r\u00e9p\u00e9tition (Daunic, et al., 2012; Diamond et Lee, 2011). Certaines recherches portent \u00e0 croire que le codage du comportement cible dans un cadre relationnel, combin\u00e9 \u00e0 l\u2019encouragement d\u2019autrui, entra\u00eene l\u2019am\u00e9lioration du rendement scolaire et des comp\u00e9tences sociales (Daunic, et al., 2012; Diamond et Lee, 2011; Embry et Biglan, 2008).<\/p>\n<\/div><\/div><\/div><div class='card'><div class='card-header' role='tab' id='Rfrences-0'><a data-toggle='collapse' data-parent='#accordion0' href='#collapseOneRfrences-0' aria-expanded='false' aria-controls='collapseOneRfrences-0'><h3 class='mb-0'><em class='fas fa-angle-down rotate-icon'><\/em> R\u00e9f\u00e9rences<\/h3><\/a><\/div><div id='collapseOneRfrences-0' class='collapse' role='tabpanel' aria-labelledby='collapseOneRfrences-0' data-parent='#accordion0'><div class='card-body'><p>Daunic, A. P., Smith, S. W., Garvan, C. W., Barber, B. R., Becker, M. K., Peters, C. D., &#8230; &amp; Naranjo, A. H. (2012). Reducing developmental risk for emotional\/behavioral problems: A randomized controlled trial examining the Tools for Getting Along curriculum. <em>Journal of school psychology, 50<\/em>(2), 149-166.<\/p>\n<p>Diamond, A., &amp; Lee, K. (2011). Interventions shown to aid executive function development in children 4 to 12 years old. <em>Science, 333<\/em>(6045), 959-964.<\/p>\n<p>Embry, D. D., &amp; Biglan, A. (2008). Evidence-based kernels: fundamental units of behavioral influence. <em>Clinical child and family psychology review, 11<\/em>(3), 75\u2013113. doi:10.1007\/s10567-008-0036-x<\/p>\n<\/div><\/div><\/div><\/div>\n","protected":false},"excerpt":{"rendered":"<p>Donner aux \u00e9l\u00e8ves les moyens de r\u00e9fl\u00e9chir \u00e0 la r\u00e9alisation d\u2019un objectif en particulier et de g\u00e9rer leurs processus mentaux pour r\u00e9soudre des probl\u00e8mes et g\u00e9rer des conflits<\/p>\n","protected":false},"author":2,"featured_media":783,"parent":385,"menu_order":0,"comment_status":"closed","ping_status":"closed","template":"practice-template.php","meta":{"_acf_changed":false,"footnotes":"","_links_to":"","_links_to_target":""},"categories":[120,102,136,126,106,124,100],"tags":[],"class_list":["post-449","page","type-page","status-publish","has-post-thumbnail","hentry","category-aucun-materiel-requis","category-comprendre","category-hebdomadaire","category-option-virtuelle","category-pensee-critique-et-creative-fonction-executive","category-peut-se-faire-a-lexterieur","category-promouvoir"],"acf":[],"_links":{"self":[{"href":"https:\/\/smho-test.boreal321.com\/emhcsecondary\/wp-json\/wp\/v2\/pages\/449","targetHints":{"allow":["GET"]}}],"collection":[{"href":"https:\/\/smho-test.boreal321.com\/emhcsecondary\/wp-json\/wp\/v2\/pages"}],"about":[{"href":"https:\/\/smho-test.boreal321.com\/emhcsecondary\/wp-json\/wp\/v2\/types\/page"}],"author":[{"embeddable":true,"href":"https:\/\/smho-test.boreal321.com\/emhcsecondary\/wp-json\/wp\/v2\/users\/2"}],"replies":[{"embeddable":true,"href":"https:\/\/smho-test.boreal321.com\/emhcsecondary\/wp-json\/wp\/v2\/comments?post=449"}],"version-history":[{"count":4,"href":"https:\/\/smho-test.boreal321.com\/emhcsecondary\/wp-json\/wp\/v2\/pages\/449\/revisions"}],"predecessor-version":[{"id":1261,"href":"https:\/\/smho-test.boreal321.com\/emhcsecondary\/wp-json\/wp\/v2\/pages\/449\/revisions\/1261"}],"up":[{"embeddable":true,"href":"https:\/\/smho-test.boreal321.com\/emhcsecondary\/wp-json\/wp\/v2\/pages\/385"}],"wp:featuredmedia":[{"embeddable":true,"href":"https:\/\/smho-test.boreal321.com\/emhcsecondary\/wp-json\/wp\/v2\/media\/783"}],"wp:attachment":[{"href":"https:\/\/smho-test.boreal321.com\/emhcsecondary\/wp-json\/wp\/v2\/media?parent=449"}],"wp:term":[{"taxonomy":"category","embeddable":true,"href":"https:\/\/smho-test.boreal321.com\/emhcsecondary\/wp-json\/wp\/v2\/categories?post=449"},{"taxonomy":"post_tag","embeddable":true,"href":"https:\/\/smho-test.boreal321.com\/emhcsecondary\/wp-json\/wp\/v2\/tags?post=449"}],"curies":[{"name":"wp","href":"https:\/\/api.w.org\/{rel}","templated":true}]}}