{"id":1231,"date":"2020-05-14T21:42:24","date_gmt":"2020-05-15T01:42:24","guid":{"rendered":"https:\/\/smho-test.boreal321.com\/emhc\/?page_id=1231"},"modified":"2021-09-01T10:43:18","modified_gmt":"2021-09-01T14:43:18","slug":"fiches-pour-la-defense-de-ses-interets","status":"publish","type":"page","link":"https:\/\/smho-test.boreal321.com\/emhc\/conscience-de-soi-et-sentiment-didentite-personnelle\/saffirmer\/fiches-pour-la-defense-de-ses-interets\/","title":{"rendered":"Fiches pour la d\u00e9fense de ses int\u00e9r\u00eats"},"content":{"rendered":"\n<div class='accordion md-accordion' id='accordion0' role='tablist' aria-multiselectable='true'><div class='card'><div class='card-header' role='tab' id='Instructions-0'><a data-toggle='collapse' data-parent='#accordion0' href='#collapseOneInstructions-0' aria-expanded='true' aria-controls='collapseOneInstructions-0'><h3 class='mb-0'><em class='fas fa-angle-down rotate-icon'><\/em> Instructions<\/h3><\/a><\/div><div id='collapseOneInstructions-0' class='collapse show' role='tabpanel' aria-labelledby='collapseOneInstructions-0' data-parent='#accordion0'><div class='card-body'><ul>\n<li>Les \u00e9l\u00e8ves r\u00e9fl\u00e9chissent aux questions suivantes et partagent avec leur enseignant.<\/li>\n<li>Comment est-ce que je sais si je ne vais pas bien (ce que je fais\/ce que je ressens)?<\/li>\n<li>Comment quelqu\u2019un d\u2019autre pourrait-il savoir si je ne vais pas bien?<\/li>\n<li>Que puis-je faire pour m\u2019aider \u00e0 faire face aux moments de stress \u00e0 l\u2019\u00e9cole?<\/li>\n<\/ul>\n<table width=\"0\">\n<tbody>\n<tr>\n<td width=\"263\">\n<ul>\n<li style=\"list-style-type: none\">\n<ul>\n<li>\u00c9couter de la musique<\/li>\n<li>Prendre une marche<\/li>\n<li>Affirmations\/mantras<\/li>\n<\/ul>\n<\/li>\n<\/ul>\n<\/td>\n<td width=\"239\">\n<ul>\n<li style=\"list-style-type: none\">\n<ul>\n<li>Respiration profonde<\/li>\n<li>N\u0153uds\/mastic rebondissant<\/li>\n<li>Journal\/griffonner \/mandalas<\/li>\n<\/ul>\n<\/li>\n<\/ul>\n<\/td>\n<td width=\"263\">\n<ul>\n<li style=\"list-style-type: none\">\n<ul>\n<li>Discours int\u00e9rieur\/pleine conscience<\/li>\n<li>Lecture<\/li>\n<li>Autre : ________<\/li>\n<\/ul>\n<\/li>\n<\/ul>\n<\/td>\n<\/tr>\n<\/tbody>\n<\/table>\n<ul>\n<li>Si les strat\u00e9gies d\u2019adaptation \u00e9num\u00e9r\u00e9es ci-dessus ne m\u2019aident pas, ma prochaine \u00e9tape serait : _______<\/li>\n<li>Ce que je souhaite que mon enseignant sache sur moi.<\/li>\n<\/ul>\n<p>REMARQUE : En cas de divulgations personnelles, assurez-vous donc de conna\u00eetre les voies d\u2019acc\u00e8s aux services de soutien appropri\u00e9s.<\/p>\n<p>Revisitez minimalement tous les trois mois.<\/p>\n<\/div><\/div><\/div><div class='card'><div class='card-header' role='tab' id='Ressources-supplmentaires--0'><a data-toggle='collapse' data-parent='#accordion0' href='#collapseOneRessources-supplmentaires--0' aria-expanded='false' aria-controls='collapseOneRessources-supplmentaires--0'><h3 class='mb-0'><em class='fas fa-angle-down rotate-icon'><\/em> Ressources suppl\u00e9mentaires <\/h3><\/a><\/div><div id='collapseOneRessources-supplmentaires--0' class='collapse' role='tabpanel' aria-labelledby='collapseOneRessources-supplmentaires--0' data-parent='#accordion0'><div class='card-body'><p><a href=\"https:\/\/smho-test.boreal321.com\/blog\/online-resources\/la-recherche-daide\/\" target=\"_blank\" rel=\"noopener\">La recherche d\u2019aide<\/a><\/p>\n<p class=\"card-title\"><a id=\"4459\" class=\"item-4\" href=\"https:\/\/smho-test.boreal321.com\/blog\/online-resources\/aucun-probleme-nest-trop-grand-ou-trop-petit-ressource-pour-la-recherche-daide-destinee-aux-eleves\/\" target=\"_blank\" rel=\"noopener\">Aucun probl\u00e8me n\u2019est trop grand ou trop petit : ressource pour la recherche d\u2019aide destin\u00e9e aux \u00e9l\u00e8ves<\/a><\/p>\n<p>&nbsp;<\/p>\n<\/div><\/div><\/div><div class='card'><div class='card-header' role='tab' id='Donnes-probantes-0'><a data-toggle='collapse' data-parent='#accordion0' href='#collapseOneDonnes-probantes-0' aria-expanded='false' aria-controls='collapseOneDonnes-probantes-0'><h3 class='mb-0'><em class='fas fa-angle-down rotate-icon'><\/em> Donn\u00e9es probantes<\/h3><\/a><\/div><div id='collapseOneDonnes-probantes-0' class='collapse' role='tabpanel' aria-labelledby='collapseOneDonnes-probantes-0' data-parent='#accordion0'><div class='card-body'><p>La recherche d\u2019aide en salle de classe \u00ab permet aux \u00e9l\u00e8ves de reprendre de mani\u00e8re constructive les activit\u00e9s acad\u00e9miques lorsqu\u2019ils rencontrent des difficult\u00e9s. \u00bb (Marchand &amp; Skinner, 2007). Les \u00e9l\u00e8ves tr\u00e8s motiv\u00e9s sont plus susceptibles de chercher de l\u2019aide, ce qui leur offre des possibilit\u00e9s d\u2019apprentissage de plus en plus stimulantes. Les \u00e9l\u00e8ves qui ne cherchent pas d\u2019aide risquent alors de cacher leurs difficult\u00e9s. Cela a une incidence, non seulement sur leur apprentissage en classe, mais aussi sur leur sentiment d\u2019appartenance \u00e0 l\u2019\u00e9cole\/leur engagement. La motivation pour la recherche d\u2019aide en salle de classe peut \u00eatre attribu\u00e9e \u00e0 la motivation interne de l\u2019\u00e9l\u00e8ve, \u00e0 son anxi\u00e9t\u00e9 (\u00e0 la fois erreur ou connaissance publique de la difficult\u00e9) ou au soutien de l\u2019enseignant (Marchand &amp; Skinner, 2007).<\/p>\n<\/div><\/div><\/div><div class='card'><div class='card-header' role='tab' id='Rfrences-0'><a data-toggle='collapse' data-parent='#accordion0' href='#collapseOneRfrences-0' aria-expanded='false' aria-controls='collapseOneRfrences-0'><h3 class='mb-0'><em class='fas fa-angle-down rotate-icon'><\/em> R\u00e9f\u00e9rences<\/h3><\/a><\/div><div id='collapseOneRfrences-0' class='collapse' role='tabpanel' aria-labelledby='collapseOneRfrences-0' data-parent='#accordion0'><div class='card-body'><p>Marchand, G., &amp; Skinner, E.A. (2007). Motivational Dynamics of Children\u2019s Academic Help-Seeking and Concealment. <em>Journal of Educational Psychology, 99<\/em>(1), 65-82.<\/p>\n<\/div><\/div><\/div><\/div>\n","protected":false},"excerpt":{"rendered":"<p>Aider les \u00e9l\u00e8ves \u00e0 prendre conscience de leurs propres besoins et pr\u00e9f\u00e9rences, \u00e0 d\u00e9fendre leurs int\u00e9r\u00eats et \u00e0 d\u00e9velopper leurs habitudes de recherche d\u2019aide<\/p>\n","protected":false},"author":2,"featured_media":1753,"parent":1018,"menu_order":0,"comment_status":"closed","ping_status":"closed","template":"practice-template.php","meta":{"_acf_changed":false,"footnotes":""},"categories":[235,77,93,241],"tags":[],"class_list":["post-1231","page","type-page","status-publish","has-post-thumbnail","hentry","category-comprendre","category-conscience-de-soi-et-sentiment-didentite-personnelle","category-intermediaire","category-option-virtuelle"],"acf":[],"_links":{"self":[{"href":"https:\/\/smho-test.boreal321.com\/emhc\/wp-json\/wp\/v2\/pages\/1231","targetHints":{"allow":["GET"]}}],"collection":[{"href":"https:\/\/smho-test.boreal321.com\/emhc\/wp-json\/wp\/v2\/pages"}],"about":[{"href":"https:\/\/smho-test.boreal321.com\/emhc\/wp-json\/wp\/v2\/types\/page"}],"author":[{"embeddable":true,"href":"https:\/\/smho-test.boreal321.com\/emhc\/wp-json\/wp\/v2\/users\/2"}],"replies":[{"embeddable":true,"href":"https:\/\/smho-test.boreal321.com\/emhc\/wp-json\/wp\/v2\/comments?post=1231"}],"version-history":[{"count":9,"href":"https:\/\/smho-test.boreal321.com\/emhc\/wp-json\/wp\/v2\/pages\/1231\/revisions"}],"predecessor-version":[{"id":3058,"href":"https:\/\/smho-test.boreal321.com\/emhc\/wp-json\/wp\/v2\/pages\/1231\/revisions\/3058"}],"up":[{"embeddable":true,"href":"https:\/\/smho-test.boreal321.com\/emhc\/wp-json\/wp\/v2\/pages\/1018"}],"wp:featuredmedia":[{"embeddable":true,"href":"https:\/\/smho-test.boreal321.com\/emhc\/wp-json\/wp\/v2\/media\/1753"}],"wp:attachment":[{"href":"https:\/\/smho-test.boreal321.com\/emhc\/wp-json\/wp\/v2\/media?parent=1231"}],"wp:term":[{"taxonomy":"category","embeddable":true,"href":"https:\/\/smho-test.boreal321.com\/emhc\/wp-json\/wp\/v2\/categories?post=1231"},{"taxonomy":"post_tag","embeddable":true,"href":"https:\/\/smho-test.boreal321.com\/emhc\/wp-json\/wp\/v2\/tags?post=1231"}],"curies":[{"name":"wp","href":"https:\/\/api.w.org\/{rel}","templated":true}]}}