{"id":1024,"date":"2020-05-11T16:09:48","date_gmt":"2020-05-11T20:09:48","guid":{"rendered":"https:\/\/smho-test.boreal321.com\/emhc\/?page_id=1024"},"modified":"2021-02-19T09:42:38","modified_gmt":"2021-02-19T14:42:38","slug":"compter-pour-les-autres","status":"publish","type":"page","link":"https:\/\/smho-test.boreal321.com\/emhc\/conscience-de-soi-et-sentiment-didentite-personnelle\/compter-pour-les-autres\/","title":{"rendered":"Compter pour les autres"},"content":{"rendered":"","protected":false},"excerpt":{"rendered":"<p>Les pratiques qui renforcent le sentiment de compter peuvent am\u00e9liorer la confiance en soi des \u00e9l\u00e8ves, leur estime de soi et leur perception de pouvoir avoir une influence positive sur les autres et sur le monde qui les entoure.<\/p>\n","protected":false},"author":2,"featured_media":1696,"parent":511,"menu_order":0,"comment_status":"closed","ping_status":"closed","template":"child-template.php","meta":{"_acf_changed":false,"footnotes":""},"categories":[],"tags":[],"class_list":["post-1024","page","type-page","status-publish","has-post-thumbnail","hentry"],"acf":[],"_links":{"self":[{"href":"https:\/\/smho-test.boreal321.com\/emhc\/wp-json\/wp\/v2\/pages\/1024","targetHints":{"allow":["GET"]}}],"collection":[{"href":"https:\/\/smho-test.boreal321.com\/emhc\/wp-json\/wp\/v2\/pages"}],"about":[{"href":"https:\/\/smho-test.boreal321.com\/emhc\/wp-json\/wp\/v2\/types\/page"}],"author":[{"embeddable":true,"href":"https:\/\/smho-test.boreal321.com\/emhc\/wp-json\/wp\/v2\/users\/2"}],"replies":[{"embeddable":true,"href":"https:\/\/smho-test.boreal321.com\/emhc\/wp-json\/wp\/v2\/comments?post=1024"}],"version-history":[{"count":2,"href":"https:\/\/smho-test.boreal321.com\/emhc\/wp-json\/wp\/v2\/pages\/1024\/revisions"}],"predecessor-version":[{"id":2793,"href":"https:\/\/smho-test.boreal321.com\/emhc\/wp-json\/wp\/v2\/pages\/1024\/revisions\/2793"}],"up":[{"embeddable":true,"href":"https:\/\/smho-test.boreal321.com\/emhc\/wp-json\/wp\/v2\/pages\/511"}],"wp:featuredmedia":[{"embeddable":true,"href":"https:\/\/smho-test.boreal321.com\/emhc\/wp-json\/wp\/v2\/media\/1696"}],"wp:attachment":[{"href":"https:\/\/smho-test.boreal321.com\/emhc\/wp-json\/wp\/v2\/media?parent=1024"}],"wp:term":[{"taxonomy":"category","embeddable":true,"href":"https:\/\/smho-test.boreal321.com\/emhc\/wp-json\/wp\/v2\/categories?post=1024"},{"taxonomy":"post_tag","embeddable":true,"href":"https:\/\/smho-test.boreal321.com\/emhc\/wp-json\/wp\/v2\/tags?post=1024"}],"curies":[{"name":"wp","href":"https:\/\/api.w.org\/{rel}","templated":true}]}}