{"id":1021,"date":"2020-05-11T16:08:32","date_gmt":"2020-05-11T20:08:32","guid":{"rendered":"https:\/\/smho-test.boreal321.com\/emhc\/?page_id=1021"},"modified":"2020-07-15T16:57:02","modified_gmt":"2020-07-15T20:57:02","slug":"se-connaitre","status":"publish","type":"page","link":"https:\/\/smho-test.boreal321.com\/emhc\/conscience-de-soi-et-sentiment-didentite-personnelle\/se-connaitre\/","title":{"rendered":"Se conna\u00eetre"},"content":{"rendered":"","protected":false},"excerpt":{"rendered":"<p>Les \u00e9l\u00e8ves peuvent apprendre \u00e0 identifier des aspects de leur personnalit\u00e9 et de leurs perspectives, et \u00e0 les partager avec leurs camarades de classe. Cela peut aider les \u00e9l\u00e8ves \u00e0 d\u00e9velopper leur conscience de soi et leur sentiment d&#8217;identit\u00e9 personnelle.<\/p>\n","protected":false},"author":2,"featured_media":1713,"parent":511,"menu_order":0,"comment_status":"closed","ping_status":"closed","template":"child-template.php","meta":{"_acf_changed":false,"footnotes":""},"categories":[],"tags":[],"class_list":["post-1021","page","type-page","status-publish","has-post-thumbnail","hentry"],"acf":[],"_links":{"self":[{"href":"https:\/\/smho-test.boreal321.com\/emhc\/wp-json\/wp\/v2\/pages\/1021","targetHints":{"allow":["GET"]}}],"collection":[{"href":"https:\/\/smho-test.boreal321.com\/emhc\/wp-json\/wp\/v2\/pages"}],"about":[{"href":"https:\/\/smho-test.boreal321.com\/emhc\/wp-json\/wp\/v2\/types\/page"}],"author":[{"embeddable":true,"href":"https:\/\/smho-test.boreal321.com\/emhc\/wp-json\/wp\/v2\/users\/2"}],"replies":[{"embeddable":true,"href":"https:\/\/smho-test.boreal321.com\/emhc\/wp-json\/wp\/v2\/comments?post=1021"}],"version-history":[{"count":1,"href":"https:\/\/smho-test.boreal321.com\/emhc\/wp-json\/wp\/v2\/pages\/1021\/revisions"}],"predecessor-version":[{"id":1022,"href":"https:\/\/smho-test.boreal321.com\/emhc\/wp-json\/wp\/v2\/pages\/1021\/revisions\/1022"}],"up":[{"embeddable":true,"href":"https:\/\/smho-test.boreal321.com\/emhc\/wp-json\/wp\/v2\/pages\/511"}],"wp:featuredmedia":[{"embeddable":true,"href":"https:\/\/smho-test.boreal321.com\/emhc\/wp-json\/wp\/v2\/media\/1713"}],"wp:attachment":[{"href":"https:\/\/smho-test.boreal321.com\/emhc\/wp-json\/wp\/v2\/media?parent=1021"}],"wp:term":[{"taxonomy":"category","embeddable":true,"href":"https:\/\/smho-test.boreal321.com\/emhc\/wp-json\/wp\/v2\/categories?post=1021"},{"taxonomy":"post_tag","embeddable":true,"href":"https:\/\/smho-test.boreal321.com\/emhc\/wp-json\/wp\/v2\/tags?post=1021"}],"curies":[{"name":"wp","href":"https:\/\/api.w.org\/{rel}","templated":true}]}}