{"id":1000,"date":"2020-05-11T15:58:56","date_gmt":"2020-05-11T19:58:56","guid":{"rendered":"https:\/\/smho-test.boreal321.com\/emhc\/?page_id=1000"},"modified":"2020-07-15T16:53:13","modified_gmt":"2020-07-15T20:53:13","slug":"les-gestes-de-gentillesse","status":"publish","type":"page","link":"https:\/\/smho-test.boreal321.com\/emhc\/relations-saines\/les-gestes-de-gentillesse\/","title":{"rendered":"Les gestes de gentillesse"},"content":{"rendered":"","protected":false},"excerpt":{"rendered":"<p>Les gestes de gentillesse aident les \u00e9l\u00e8ves \u00e0 discuter avec leurs camarades de fa\u00e7on plus compatissante et \u00e0 appr\u00e9cier la valeur de s\u2019entraider. En faisant de petits gestes de gentillesse, les \u00e9l\u00e8ves tissent ainsi des relations plus positives.<\/p>\n","protected":false},"author":2,"featured_media":1710,"parent":509,"menu_order":1,"comment_status":"closed","ping_status":"closed","template":"child-template.php","meta":{"_acf_changed":false,"footnotes":""},"categories":[],"tags":[],"class_list":["post-1000","page","type-page","status-publish","has-post-thumbnail","hentry"],"acf":[],"_links":{"self":[{"href":"https:\/\/smho-test.boreal321.com\/emhc\/wp-json\/wp\/v2\/pages\/1000","targetHints":{"allow":["GET"]}}],"collection":[{"href":"https:\/\/smho-test.boreal321.com\/emhc\/wp-json\/wp\/v2\/pages"}],"about":[{"href":"https:\/\/smho-test.boreal321.com\/emhc\/wp-json\/wp\/v2\/types\/page"}],"author":[{"embeddable":true,"href":"https:\/\/smho-test.boreal321.com\/emhc\/wp-json\/wp\/v2\/users\/2"}],"replies":[{"embeddable":true,"href":"https:\/\/smho-test.boreal321.com\/emhc\/wp-json\/wp\/v2\/comments?post=1000"}],"version-history":[{"count":1,"href":"https:\/\/smho-test.boreal321.com\/emhc\/wp-json\/wp\/v2\/pages\/1000\/revisions"}],"predecessor-version":[{"id":1001,"href":"https:\/\/smho-test.boreal321.com\/emhc\/wp-json\/wp\/v2\/pages\/1000\/revisions\/1001"}],"up":[{"embeddable":true,"href":"https:\/\/smho-test.boreal321.com\/emhc\/wp-json\/wp\/v2\/pages\/509"}],"wp:featuredmedia":[{"embeddable":true,"href":"https:\/\/smho-test.boreal321.com\/emhc\/wp-json\/wp\/v2\/media\/1710"}],"wp:attachment":[{"href":"https:\/\/smho-test.boreal321.com\/emhc\/wp-json\/wp\/v2\/media?parent=1000"}],"wp:term":[{"taxonomy":"category","embeddable":true,"href":"https:\/\/smho-test.boreal321.com\/emhc\/wp-json\/wp\/v2\/categories?post=1000"},{"taxonomy":"post_tag","embeddable":true,"href":"https:\/\/smho-test.boreal321.com\/emhc\/wp-json\/wp\/v2\/tags?post=1000"}],"curies":[{"name":"wp","href":"https:\/\/api.w.org\/{rel}","templated":true}]}}